{"id":359,"date":"2017-03-13T08:01:08","date_gmt":"2017-03-13T07:01:08","guid":{"rendered":"http:\/\/www.wccf.de\/?page_id=359"},"modified":"2017-03-13T08:18:14","modified_gmt":"2017-03-13T07:18:14","slug":"impressum","status":"publish","type":"page","link":"https:\/\/www.wccf.de\/en\/impressum","title":{"rendered":"Impressum"},"content":{"rendered":"<p class=\"entry-title\"><strong>World Children Care Foundation e. V.<br \/>\n<\/strong>Anerkannter gemeinn\u00fctziger Verein<br \/>\nRegistriert beim\u00a0Amtsgericht Ulm<br \/>\nVR 720164<br \/>\nSt.Nr.: 58087\/11992<\/p>\n<div class=\"entry-content\">\n<p><strong>Sitz:<\/strong><br \/>\nHirschgasse 1<br \/>\n89143 Blaubeuren<\/p>\n<p>E-Mail: info(@)wccf.de<\/p>\n<p><strong>Webdesign und Webhosting:<\/strong><br \/>\nWizzo Art Studio<br \/>\nTheodor-Ott-Ring 32<br \/>\n89182 Bernstadt<\/p>\n<p>F\u00fcr den Inhalt Verantwortlicher:<br \/>\n<strong>Frank Bader, Michael Wieland<\/strong><\/p>\n<p><strong>Haftungshinweis<\/strong><br \/>\nDie bereitgestellten Informationen auf dieser Website wurden sorgf\u00e4ltig gepr\u00fcft und werden regelm\u00e4\u00dfig aktualisiert. Jedoch kann keine Garantie daf\u00fcr \u00fcbernommen werden, dass alle Angaben zu jeder Zeit vollst\u00e4ndig, richtig und in letzter Aktualit\u00e4t dargestellt sind. Alle Angaben k\u00f6nnen ohne vorherige Ank\u00fcndigung ge\u00e4ndert, entfernt oder erg\u00e4nzt werden.<br \/>\n<strong><br \/>\nExterne Links<\/strong><br \/>\nTrotz sorgf\u00e4ltiger inhaltlicher Kontrolle \u00fcbernehmen wir keine Haftung f\u00fcr die Inhalte externer Links. F\u00fcr den Inhalt der verlinkten Seiten sind ausschlie\u00dflich deren Betreiber verantwortlich.<br \/>\n<strong><br \/>\nDatenschutz<\/strong><br \/>\nWCCF e. V. nimmt den Schutz Ihrer pers\u00f6nlichen Daten sehr ernst. Die nachfolgende Erkl\u00e4rung gibt Ihnen einen \u00dcberblick dar\u00fcber, wie wir den Schutz Ihrer pers\u00f6nlichen Daten gew\u00e4hrleisten. Bitte beachten Sie auch unsere AGB\u2019s.<br \/>\n<strong><br \/>\nAnonyme Datenerhebung<\/strong><br \/>\nSie k\u00f6nnen unsere Webseiten grunds\u00e4tzlich besuchen, ohne uns mitzuteilen, wer Sie sind. Unsere Webserver speichern automatisch Informationen allgemeiner Natur. Dazu geh\u00f6ren die Art des Webbrowsers, das verwendete Betriebssystem, der Domainnamen Ihres Internet Service Providers, die Webseite, von der aus Sie uns besuchen, die Webseiten, die Sie bei uns besuchen sowie das Datum und die Dauer des Besuches. Hierbei handelt es sich ausschlie\u00dflich um Informationen, welche keine R\u00fcckschl\u00fcsse auf Ihre Person zulassen. Wir werten diese Daten nur f\u00fcr statistische Zwecke und nur in anonymer Form aus.<\/p>\n<\/div>\n","protected":false},"excerpt":{"rendered":"<p>World Children Care Foundation e. V. Anerkannter gemeinn\u00fctziger Verein Registriert beim\u00a0Amtsgericht Ulm VR 720164 St.Nr.: 58087\/11992 Sitz: Hirschgasse 1 89143 Blaubeuren E-Mail: info(@)wccf.de Webdesign und Webhosting: Wizzo Art Studio Theodor-Ott-Ring 32 89182 Bernstadt F\u00fcr den Inhalt Verantwortlicher: Frank Bader, Michael Wieland Haftungshinweis Die bereitgestellten Informationen auf dieser Website wurden sorgf\u00e4ltig\u2026<\/p>\n<p> <a class=\"continue-reading-link\" href=\"https:\/\/www.wccf.de\/en\/impressum\"><span>Mehr \/ More<\/span><i class=\"crycon-right-dir\"><\/i><\/a> <\/p>\n","protected":false},"author":1,"featured_media":0,"parent":0,"menu_order":0,"comment_status":"closed","ping_status":"closed","template":"","meta":{"footnotes":""},"translation":{"provider":"WPGlobus","version":"3.0.2","language":"en","enabled_languages":["de","en"],"languages":{"de":{"title":true,"content":true,"excerpt":false},"en":{"title":false,"content":false,"excerpt":false}}},"_links":{"self":[{"href":"https:\/\/www.wccf.de\/en\/wp-json\/wp\/v2\/pages\/359"}],"collection":[{"href":"https:\/\/www.wccf.de\/en\/wp-json\/wp\/v2\/pages"}],"about":[{"href":"https:\/\/www.wccf.de\/en\/wp-json\/wp\/v2\/types\/page"}],"author":[{"embeddable":true,"href":"https:\/\/www.wccf.de\/en\/wp-json\/wp\/v2\/users\/1"}],"replies":[{"embeddable":true,"href":"https:\/\/www.wccf.de\/en\/wp-json\/wp\/v2\/comments?post=359"}],"version-history":[{"count":6,"href":"https:\/\/www.wccf.de\/en\/wp-json\/wp\/v2\/pages\/359\/revisions"}],"predecessor-version":[{"id":367,"href":"https:\/\/www.wccf.de\/en\/wp-json\/wp\/v2\/pages\/359\/revisions\/367"}],"wp:attachment":[{"href":"https:\/\/www.wccf.de\/en\/wp-json\/wp\/v2\/media?parent=359"}],"curies":[{"name":"wp","href":"https:\/\/api.w.org\/{rel}","templated":true}]}}